{"id":878,"date":"2023-06-08T11:44:53","date_gmt":"2023-06-08T16:44:53","guid":{"rendered":"https:\/\/beta.droneswalkera.com\/?page_id=878"},"modified":"2023-06-08T11:50:06","modified_gmt":"2023-06-08T16:50:06","slug":"technical-support","status":"publish","type":"page","link":"https:\/\/beta.droneswalkera.com\/es\/technical-support\/","title":{"rendered":"Soporte T\u00e9cnico"},"content":{"rendered":"<div data-elementor-type=\"wp-page\" data-elementor-id=\"878\" class=\"elementor elementor-878\">\n\t\t\t\t\t\t\t<div class=\"elementor-element elementor-element-d42c8d2 e-con-boxed e-flex e-con\" data-id=\"d42c8d2\" data-element_type=\"container\" data-settings=\"{&quot;background_background&quot;:&quot;classic&quot;,&quot;content_width&quot;:&quot;boxed&quot;}\">\n\t\t\t\t\t<div class=\"e-con-inner\">\n\t\t\t\t<div class=\"elementor-element elementor-element-a467504 elementor-widget elementor-widget-heading\" data-id=\"a467504\" data-element_type=\"widget\" data-widget_type=\"heading.default\">\n\t\t\t\t<div class=\"elementor-widget-container\">\n\t\t\t<style>\/*! elementor - v3.13.3 - 28-05-2023 *\/\n.elementor-heading-title{padding:0;margin:0;line-height:1}.elementor-widget-heading .elementor-heading-title[class*=elementor-size-]>a{color:inherit;font-size:inherit;line-height:inherit}.elementor-widget-heading .elementor-heading-title.elementor-size-small{font-size:15px}.elementor-widget-heading .elementor-heading-title.elementor-size-medium{font-size:19px}.elementor-widget-heading .elementor-heading-title.elementor-size-large{font-size:29px}.elementor-widget-heading .elementor-heading-title.elementor-size-xl{font-size:39px}.elementor-widget-heading .elementor-heading-title.elementor-size-xxl{font-size:59px}<\/style><h2 class=\"elementor-heading-title elementor-size-default\">Soporte T\u00e9cnico\n<\/h2>\t\t<\/div>\n\t\t\t\t<\/div>\n\t\t\t\t\t<\/div>\n\t\t\t\t<\/div>\n\t\t<div class=\"elementor-element elementor-element-e627520 e-con-boxed e-flex e-con\" data-id=\"e627520\" data-element_type=\"container\" data-settings=\"{&quot;content_width&quot;:&quot;boxed&quot;}\">\n\t\t\t\t\t<div class=\"e-con-inner\">\n\t\t\t\t<div class=\"elementor-element elementor-element-5b4decb elementor-widget elementor-widget-heading\" data-id=\"5b4decb\" data-element_type=\"widget\" data-widget_type=\"heading.default\">\n\t\t\t\t<div class=\"elementor-widget-container\">\n\t\t\t<h2 class=\"elementor-heading-title elementor-size-default\">Servicio integral desde la recogida de datos hasta su an\u00e1lisis\n\n<\/h2>\t\t<\/div>\n\t\t\t\t<\/div>\n\t\t\t\t<div class=\"elementor-element elementor-element-3f184c7 elementor-widget elementor-widget-text-editor\" data-id=\"3f184c7\" data-element_type=\"widget\" data-widget_type=\"text-editor.default\">\n\t\t\t\t<div class=\"elementor-widget-container\">\n\t\t\t<style>\/*! elementor - v3.13.3 - 28-05-2023 *\/\n.elementor-widget-text-editor.elementor-drop-cap-view-stacked .elementor-drop-cap{background-color:#69727d;color:#fff}.elementor-widget-text-editor.elementor-drop-cap-view-framed .elementor-drop-cap{color:#69727d;border:3px solid;background-color:transparent}.elementor-widget-text-editor:not(.elementor-drop-cap-view-default) .elementor-drop-cap{margin-top:8px}.elementor-widget-text-editor:not(.elementor-drop-cap-view-default) .elementor-drop-cap-letter{width:1em;height:1em}.elementor-widget-text-editor .elementor-drop-cap{float:left;text-align:center;line-height:1;font-size:50px}.elementor-widget-text-editor .elementor-drop-cap-letter{display:inline-block}<\/style>\t\t\t\t<p>Huake UAV aplicaci\u00f3n de la industria se combina con la plataforma de teledetecci\u00f3n UAV para proporcionar a los clientes con la recopilaci\u00f3n de datos AI profesional y soluciones de servicio de ventanilla \u00fanica. Es ampliamente utilizado en la topograf\u00eda b\u00e1sica y la cartograf\u00eda, la encuesta de los recursos de la tierra y el seguimiento, la vigilancia din\u00e1mica del uso de la tierra, la construcci\u00f3n de la ciudad digital, la inspecci\u00f3n de energ\u00eda y la adquisici\u00f3n de datos de mapeo de socorro en caso de desastre de emergencia.<\/p>\t\t\t\t\t\t<\/div>\n\t\t\t\t<\/div>\n\t\t\t\t<div class=\"elementor-element elementor-element-ddf15ec elementor-widget elementor-widget-spacer\" data-id=\"ddf15ec\" data-element_type=\"widget\" data-widget_type=\"spacer.default\">\n\t\t\t\t<div class=\"elementor-widget-container\">\n\t\t\t<style>\/*! elementor - v3.13.3 - 28-05-2023 *\/\n.elementor-column .elementor-spacer-inner{height:var(--spacer-size)}.e-con{--container-widget-width:100%}.e-con-inner>.elementor-widget-spacer,.e-con>.elementor-widget-spacer{width:var(--container-widget-width,var(--spacer-size));--align-self:var(--container-widget-align-self,initial);--flex-shrink:0}.e-con-inner>.elementor-widget-spacer>.elementor-widget-container,.e-con-inner>.elementor-widget-spacer>.elementor-widget-container>.elementor-spacer,.e-con>.elementor-widget-spacer>.elementor-widget-container,.e-con>.elementor-widget-spacer>.elementor-widget-container>.elementor-spacer{height:100%}.e-con-inner>.elementor-widget-spacer>.elementor-widget-container>.elementor-spacer>.elementor-spacer-inner,.e-con>.elementor-widget-spacer>.elementor-widget-container>.elementor-spacer>.elementor-spacer-inner{height:var(--container-widget-height,var(--spacer-size))}<\/style>\t\t<div class=\"elementor-spacer\">\n\t\t\t<div class=\"elementor-spacer-inner\"><\/div>\n\t\t<\/div>\n\t\t\t\t<\/div>\n\t\t\t\t<\/div>\n\t\t\t\t<div class=\"elementor-element elementor-element-08b1b9e elementor-widget elementor-widget-heading\" data-id=\"08b1b9e\" data-element_type=\"widget\" data-widget_type=\"heading.default\">\n\t\t\t\t<div class=\"elementor-widget-container\">\n\t\t\t<h2 class=\"elementor-heading-title elementor-size-default\">Servicio de mantenimiento\n\n\n<\/h2>\t\t<\/div>\n\t\t\t\t<\/div>\n\t\t\t\t<div class=\"elementor-element elementor-element-dc80c6d elementor-widget elementor-widget-text-editor\" data-id=\"dc80c6d\" data-element_type=\"widget\" data-widget_type=\"text-editor.default\">\n\t\t\t\t<div class=\"elementor-widget-container\">\n\t\t\t\t\t\t\t<p>Huake UAV aplicaci\u00f3n de la industria le proporciona servicios de mantenimiento de UAV. De acuerdo con la duraci\u00f3n del uso del UAV, proporciona planes de mantenimiento espec\u00edficos. El mantenimiento regular puede mejorar la fiabilidad de los UAV, reducir los posibles riesgos de seguridad y mantener el rendimiento de su UAV constante.<\/p>\t\t\t\t\t\t<\/div>\n\t\t\t\t<\/div>\n\t\t\t\t<div class=\"elementor-element elementor-element-c344f46 elementor-widget elementor-widget-spacer\" data-id=\"c344f46\" data-element_type=\"widget\" data-widget_type=\"spacer.default\">\n\t\t\t\t<div class=\"elementor-widget-container\">\n\t\t\t\t\t<div class=\"elementor-spacer\">\n\t\t\t<div class=\"elementor-spacer-inner\"><\/div>\n\t\t<\/div>\n\t\t\t\t<\/div>\n\t\t\t\t<\/div>\n\t\t\t\t<div class=\"elementor-element elementor-element-8923e7c elementor-widget elementor-widget-heading\" data-id=\"8923e7c\" data-element_type=\"widget\" data-widget_type=\"heading.default\">\n\t\t\t\t<div class=\"elementor-widget-container\">\n\t\t\t<h2 class=\"elementor-heading-title elementor-size-default\">Servicio personalizado\n\n\n\n<\/h2>\t\t<\/div>\n\t\t\t\t<\/div>\n\t\t\t\t<div class=\"elementor-element elementor-element-81fea2f elementor-widget elementor-widget-text-editor\" data-id=\"81fea2f\" data-element_type=\"widget\" data-widget_type=\"text-editor.default\">\n\t\t\t\t<div class=\"elementor-widget-container\">\n\t\t\t\t\t\t\t<p>El equipo de servicio de aplicaci\u00f3n de la industria de Huacor UAV puede proporcionar de forma flexible esquemas de personalizaci\u00f3n de servicios personalizados, tales como plan de seguridad personalizado, esquema de mantenimiento personalizado, per\u00edodo de garant\u00eda ampliado, seguro de responsabilidad civil a terceros, servicio de m\u00e1quina de reserva, servicio de formaci\u00f3n de entrega in situ, etc., de acuerdo con los escenarios de uso y las necesidades reales. Para planes m\u00e1s uniformes, por favor consulte la aplicaci\u00f3n de la industria de Huake UAV para m\u00e1s detalles.<\/p>\t\t\t\t\t\t<\/div>\n\t\t\t\t<\/div>\n\t\t\t\t<div class=\"elementor-element elementor-element-4408c58 elementor-widget elementor-widget-spacer\" data-id=\"4408c58\" data-element_type=\"widget\" data-widget_type=\"spacer.default\">\n\t\t\t\t<div class=\"elementor-widget-container\">\n\t\t\t\t\t<div class=\"elementor-spacer\">\n\t\t\t<div class=\"elementor-spacer-inner\"><\/div>\n\t\t<\/div>\n\t\t\t\t<\/div>\n\t\t\t\t<\/div>\n\t\t\t\t\t<\/div>\n\t\t\t\t<\/div>\n\t\t\t\t\t\t\t<\/div>","protected":false},"excerpt":{"rendered":"<p>Technical Support One stop service from data collection to analysis Huake UAV industry application combines with UAV remote sensing platform to provide customers with professional AI data collection and one-stop service solutions. It is widely used in basic surveying and mapping, land resource survey and monitoring, land use dynamic monitoring, digital city construction, power inspection [&hellip;]<\/p>","protected":false},"author":1,"featured_media":0,"parent":0,"menu_order":0,"comment_status":"closed","ping_status":"closed","template":"","meta":{"inline_featured_image":false,"footnotes":""},"class_list":["post-878","page","type-page","status-publish","hentry"],"_links":{"self":[{"href":"https:\/\/beta.droneswalkera.com\/es\/wp-json\/wp\/v2\/pages\/878","targetHints":{"allow":["GET"]}}],"collection":[{"href":"https:\/\/beta.droneswalkera.com\/es\/wp-json\/wp\/v2\/pages"}],"about":[{"href":"https:\/\/beta.droneswalkera.com\/es\/wp-json\/wp\/v2\/types\/page"}],"author":[{"embeddable":true,"href":"https:\/\/beta.droneswalkera.com\/es\/wp-json\/wp\/v2\/users\/1"}],"replies":[{"embeddable":true,"href":"https:\/\/beta.droneswalkera.com\/es\/wp-json\/wp\/v2\/comments?post=878"}],"version-history":[{"count":7,"href":"https:\/\/beta.droneswalkera.com\/es\/wp-json\/wp\/v2\/pages\/878\/revisions"}],"predecessor-version":[{"id":886,"href":"https:\/\/beta.droneswalkera.com\/es\/wp-json\/wp\/v2\/pages\/878\/revisions\/886"}],"wp:attachment":[{"href":"https:\/\/beta.droneswalkera.com\/es\/wp-json\/wp\/v2\/media?parent=878"}],"curies":[{"name":"wp","href":"https:\/\/api.w.org\/{rel}","templated":true}]}}